{"id":2936,"date":"2022-06-08T18:41:54","date_gmt":"2022-06-08T18:41:54","guid":{"rendered":"https:\/\/diretodagrecia.com.br\/inicio\/?page_id=2936"},"modified":"2022-06-24T18:42:11","modified_gmt":"2022-06-24T18:42:11","slug":"politica-de-privacidade","status":"publish","type":"page","link":"https:\/\/diretodagrecia.com.br\/inicio\/politica-de-privacidade\/","title":{"rendered":"Pol\u00edtica de Privacidade"},"content":{"rendered":"\n<p><strong>NOSSA POL\u00cdTICA DE PRIVACIDADE<\/strong><\/p>\n\n\n\n<p>A Golden Goods tem como compromisso o respeito pela privacidade de seus clientes, funcion\u00e1rios e demais visitantes que utilizam nossos sites ou aplicativos, bem como a prote\u00e7\u00e3o e a seguran\u00e7a dos seus dados.<\/p>\n\n\n\n<p>A Golden Goods reconhece que a sua seguran\u00e7a e privacidade s\u00e3o muito importantes, portanto adotamos todas as medidas poss\u00edveis, dentro das melhores pr\u00e1ticas e solu\u00e7\u00f5es existentes, para proteg\u00ea-lo. Nesse sentido, recomendamos que nossos clientes tenham conhecimento de nossas pr\u00e1ticas.<\/p>\n\n\n\n<p>Ressaltamos que os Produtos e Servi\u00e7os ofertados pela Golden Goods n\u00e3o s\u00e3o direcionados a pessoas naturais menores de 18 anos. Nossa pol\u00edtica baseia-se no compromisso com a transpar\u00eancia aos titulares dos dados pessoais, portanto disponibilizamos nesta p\u00e1gina os esclarecimentos sobre os direitos \u00e0 privacidade e prote\u00e7\u00e3o dos dados. Para exercer todos os seus direitos, acesse o nosso portal de privacidade dispon\u00edvel em nosso site.<\/p>\n\n\n\n<p>Informa\u00e7\u00f5es coletadas &#8211;<\/p>\n\n\n\n<p>Coletamos e tratamos informa\u00e7\u00f5es fornecidas por voc\u00ea, atrav\u00e9s do preenchimento de formul\u00e1rios dispon\u00edveis em nossos sites, aplicativos e m\u00eddias sociais, sendo assim, entendemos que voc\u00ea declara que concorda com nossa pol\u00edtica de privacidade, termos e condi\u00e7\u00f5es de uso das nossas plataformas.<\/p>\n\n\n\n<p>Coletamos e tratamos os seguintes dados:<\/p>\n\n\n\n<p>Dados Pessoais:<\/p>\n\n\n\n<p>Dados de identifica\u00e7\u00e3o pessoal: nome, CPF, data de nascimento, apelido, sexo, e-mail, telefone.<\/p>\n\n\n\n<p>Dados de endere\u00e7o: rua, n\u00famero da casa, complemento, bairro, cidade, estado, CEP.<\/p>\n\n\n\n<p>Dados de Pagamento: N\u00famero do cart\u00e3o, tipo, m\u00eas e ano da validade de seu cart\u00e3o.<\/p>\n\n\n\n<p>Dados Pessoais Sens\u00edveis:<\/p>\n\n\n\n<p>Dados biom\u00e9tricos: armazenamos o c\u00f3digo hash da digital utilizado para autentica\u00e7\u00e3o no App Wine. Salientamos que, a configura\u00e7\u00e3o de autentica\u00e7\u00e3o atrav\u00e9s da biometria \u00e9 uma op\u00e7\u00e3o do titular. Disponibilizamos esta funcionalidade como medida de seguran\u00e7a das informa\u00e7\u00f5es, e em atendimento aos princ\u00edpios do Privacy by design by default.<\/p>\n\n\n\n<p>Foto: armazenamos o c\u00f3digo hash de sua imagem fotogr\u00e1fica. Publicar imagem fotogr\u00e1fica em nossas plataformas \u00e9 uma op\u00e7\u00e3o do titular, esta poder\u00e1 ser revogada a qualquer momento atrav\u00e9s de nosso canal de Privacidade informado nessa pol\u00edtica.<\/p>\n\n\n\n<p>Informa\u00e7\u00f5es de Navega\u00e7\u00e3o: Quando voc\u00ea acessar nossos sites e aplicativos, poder\u00e1 ser instalado um \u2018cookie\u2019 no seu navegador para identificar quantas vezes voc\u00ea retorna ao nosso endere\u00e7o, com objetivo de reconhec\u00ea-lo na pr\u00f3xima navega\u00e7\u00e3o e melhorar o uso e a funcionalidade dos sites e demais servi\u00e7os na web. Os cookies permitem ainda, coletar os seguintes dados<\/p>\n\n\n\n<ul class=\"wp-block-list\"><li>IP: identificamos o n\u00famero de endere\u00e7o IP ao acessar nossos sites, a fim de aumentar a seguran\u00e7a, visto que, em caso de fraude, forneceremos o mesmo \u00e0s autoridades competentes.<\/li><li>Localiza\u00e7\u00e3o Geogr\u00e1fica: esse cookie \u00e9 respons\u00e1vel por informar de qual regi\u00e3o voc\u00ea est\u00e1 acessando as aplica\u00e7\u00f5es da Golden Goods tornando poss\u00edvel adaptar nosso conte\u00fado \u00e0s necessidades do usu\u00e1rio dependendo da localiza\u00e7\u00e3o geogr\u00e1fica, e para prevenir poss\u00edveis fraudes.<\/li><li>Publicidade: estes cookies identificam e exibem conte\u00fado publicit\u00e1rio a partir das prefer\u00eancias durante a navega\u00e7\u00e3o.<\/li><li>Anal\u00edticos: utilizamos estes cookies para analisar a forma como utilizam o site e monitorar a performance, sendo os dados utilizados de forma an\u00f4nima para efeitos estat\u00edsticos. Caso voc\u00ea n\u00e3o queira aceitar a coleta de dados de cookies, \u00e9 poss\u00edvel desativ\u00e1-los atrav\u00e9s de nosso portal de privacidade dispon\u00edvel em nosso site. Entretanto, ao desativar os cookies a experi\u00eancia com os sites da Golden Goods podem se tornar limitadas.<\/li><li>Desempenho: utilizamos estes cookies para gerar e analisar m\u00e9tricas sobre a performance da plataforma, sobre sua experi\u00eancia e navega\u00e7\u00e3o.<\/li><li>Terceiros: os cookies de terceiros pertencem e s\u00e3o administrados por parceiros de servi\u00e7o, eles s\u00e3o utilizados para permitir an\u00fancios fora de nossas plataformas digitais. A exemplo temos:<\/li><li>Cookies de m\u00eddias sociais &#8211; que coletam dados de identifica\u00e7\u00e3o pessoal, eventos de intera\u00e7\u00e3o em nossas plataformas como: compras, adi\u00e7\u00f5es e abandonos de carrinho.<\/li><li>Lembramos que dispomos de op\u00e7\u00e3o para que voc\u00ea d\u00ea o seu consentimento ou n\u00e3o, no compartilhamento de seus dados atrav\u00e9s deste tipo de cookie.<\/li><\/ul>\n\n\n\n<p>Hist\u00f3rico de Contato:<\/p>\n\n\n\n<p>A Golden Goods armazena informa\u00e7\u00f5es a respeito de todos os contatos j\u00e1 realizados com nossos clientes, como intera\u00e7\u00f5es pessoais em nossas a\u00e7\u00f5es ou lojas, via telefone, push, SMS, m\u00eddias sociais ou via e-mail.<\/p>\n\n\n\n<p>Ressaltamos que o consentimento \u00e9 aplicado somente para cookies n\u00e3o essenciais, visto que, estes s\u00e3o necess\u00e1rios para que o site funcione. A validade do consentimento dos cookies n\u00e3o essenciais \u00e9 de 12 meses, podendo ser alterada em caso de nova determina\u00e7\u00e3o dada pela Autoridade Nacional de Prote\u00e7\u00e3o de Dados. Ap\u00f3s expirar o prazo do consentimento no uso de cookies, voc\u00ea poder\u00e1 receber novo aviso de gest\u00e3o de privacidade ao navegar em nosso site ou utilizar nossas plataformas.<\/p>\n\n\n\n<p>Todos os dados coletados s\u00e3o utilizados para as seguintes finalidades:<\/p>\n\n\n\n<ul class=\"wp-block-list\"><li>Ofertar produtos em nossas plataformas digitais;<\/li><li>Comercializar produtos em nossas lojas f\u00edsicas;<\/li><li>Enviar oferta de produtos atrav\u00e9s de campanhas de marketing;<\/li><li>Enviar comunicado de altera\u00e7\u00f5es e ou corre\u00e7\u00f5es em nossas plataformas;<\/li><li>Enviar convite para nossos eventos;<\/li><li>Prover prote\u00e7\u00e3o ao cr\u00e9dito e seguran\u00e7a digital nas plataformas.<\/li><li>Realizar a entrega de produtos que voc\u00ea adquiriu conosco;<\/li><li>Prestar suporte aos nossos clientes;<\/li><li>Desenvolver e melhorar nossos produtos e servi\u00e7os.<\/li><\/ul>\n\n\n\n<p>Todos os dados e informa\u00e7\u00f5es sobre voc\u00ea ser\u00e3o tratados como confidenciais, e somente utilizados para os fins aqui descritos e autorizados, principalmente para que possa utilizar nossos Servi\u00e7os e Produtos de forma plena, visando sempre melhorar a sua experi\u00eancia como usu\u00e1rio. Dessa forma, poderemos personalizar o servi\u00e7o ou produto para adequ\u00e1-los, cada vez mais, \u00e0s suas prefer\u00eancias e interesses.<\/p>\n\n\n\n<p>A Golden Goods agradece pela confian\u00e7a de seus clientes.<\/p>\n\n\n\n<p>Adequamos todos os nossos processos que coletam e tratam dados \u00e0s bases legais previstas no artigo 7\u00ba da LGPD. As bases legais que utilizamos s\u00e3o:<\/p>\n\n\n\n<ul class=\"wp-block-list\"><li>I &#8211; Consentimento pelo titular;<\/li><li>II &#8211; Cumprimento de obriga\u00e7\u00e3o legal ou regulat\u00f3ria pelo controlador;<\/li><li>V &#8211; Execu\u00e7\u00e3o de contrato ou de procedimentos preliminares;<\/li><li>IX &#8211; Interesses leg\u00edtimos do controlador ou de terceiro;<\/li><li>X &#8211; Para a prote\u00e7\u00e3o do cr\u00e9dito.<\/li><\/ul>\n\n\n\n<p>A Golden Goods opera com diversos parceiros e fornecedores para desenvolver e entregar nossos servi\u00e7os e produtos, podendo assim compartilhar informa\u00e7\u00f5es pessoais coletadas com estes parceiros de neg\u00f3cios que assumem o mesmo n\u00edvel de seguran\u00e7a e privacidade que a Golden Goods, para melhorar sua experi\u00eancia e preservar sua privacidade. Tal compartilhamento pode ocorrer nos seguintes cen\u00e1rios, mas n\u00e3o se limitando \u00e0:<\/p>\n\n\n\n<ul class=\"wp-block-list\"><li>Parceiros que prestam servi\u00e7os de processamento de pagamentos, hospedagem de dados, consultoria sobre an\u00e1lise de dados, transporte de produtos, dentre outros.<\/li><li>Transfer\u00eancia de dados para outros pa\u00edses, estabelecemos contratualmente que o parceiro cumpra um padr\u00e3o de prote\u00e7\u00e3o de dados e seguran\u00e7a da informa\u00e7\u00e3o compat\u00edvel com nossa pol\u00edtica de privacidade e legisla\u00e7\u00f5es vigentes, a fim de que seus dados sejam sempre protegidos nestes termos.<\/li><li>Todos os dados, informa\u00e7\u00f5es e conte\u00fados sobre voc\u00ea podem ser considerados ativos no caso de negocia\u00e7\u00f5es em que a Golden Goods fizer parte. Portanto, nos reservamos no direito de incluir seus dados dentre os ativos da empresa caso esta venha a ser vendida, adquirida ou fundida com outra.<\/li><li>A Golden Goods se reserva no direito de fornecer dados e informa\u00e7\u00f5es sobre voc\u00ea, incluindo suas intera\u00e7\u00f5es, caso seja requisitado judicialmente para tanto, ato necess\u00e1rio para que a Golden Goods esteja em conformidade com as leis nacionais, ou caso voc\u00ea autorize expressamente.<\/li><\/ul>\n\n\n\n<p>A Golden Goods informa que preza e aprimora continuamente suas medidas de seguran\u00e7a, t\u00e9cnicas e administrativas necess\u00e1rias para proteger os dados armazenados contra acessos n\u00e3o autorizados, situa\u00e7\u00f5es acidentais ou il\u00edcitas de destrui\u00e7\u00e3o, perda, altera\u00e7\u00e3o, comunica\u00e7\u00e3o ou qualquer forma de tratamento inadequado ou il\u00edcito, de acordo com a tecnologia dispon\u00edvel atualmente.<\/p>\n\n\n\n<p>Ainda, a Golden Goods respeita e protege seus dados conforme as principais normas de seguran\u00e7a e demais legisla\u00e7\u00f5es brasileiras. Aplicamos os princ\u00edpios de Privacy By Design (Privacidade no desenvolvimento ou desde a concep\u00e7\u00e3o), efetuando tratamento dos dados apenas com garantia de alto n\u00edvel de seguran\u00e7a e implementando as melhores pr\u00e1ticas de prote\u00e7\u00e3o de dados, tais como criptografia, monitoramento e testes peri\u00f3dicos de seguran\u00e7a.<\/p>\n\n\n\n<p>A Golden Goods utiliza os dados pessoais pelo tempo que for necess\u00e1rio, a fim de satisfazer as finalidades para as quais os dados foram coletados, conforme descrito nesta pol\u00edtica, ou para cumprir os requisitos legais aplic\u00e1veis.<\/p>\n\n\n\n<p>Os dados pessoais ser\u00e3o mantidos exclusivamente pelo tempo permitido, de acordo com as legisla\u00e7\u00f5es vigentes.<\/p>\n\n\n\n<p>Para obter mais detalhes sobre a reten\u00e7\u00e3o de dados pessoais, \u00e9 poss\u00edvel realizar uma solicita\u00e7\u00e3o em nosso portal de privacidade dispon\u00edvel em nosso site.<\/p>\n\n\n\n<p>Salientamos que ao t\u00e9rmino do tratamento dos dados pessoais, eles ser\u00e3o eliminados no \u00e2mbito e nos limites t\u00e9cnicos das atividades, autorizada a conserva\u00e7\u00e3o nas situa\u00e7\u00f5es previstas nas legisla\u00e7\u00f5es vigentes.<\/p>\n\n\n\n<p>\u00c9 direito dos titulares dos dados pessoais confirmar a exist\u00eancia dos dados, acessar, revisar, modificar, apagar, restringir o processamento e requisitar c\u00f3pia dos dados existentes. Tamb\u00e9m \u00e9 direito, obter informa\u00e7\u00f5es claras sobre os dados pessoais e ou o compartilhamento com terceiro.<\/p>\n\n\n\n<p>A solicita\u00e7\u00e3o de portabilidade dos dados pessoais para o envio a outro fornecedor de produtos ou servi\u00e7os tamb\u00e9m \u00e9 um direito do titular. \u00c9 poss\u00edvel ainda, solicitar a limita\u00e7\u00e3o do uso e divulga\u00e7\u00e3o, ou revogar o consentimento a qualquer uma de nossas atividades de processamento dos dados pessoais, excetuando-se em situa\u00e7\u00f5es previstas nas legisla\u00e7\u00f5es vigentes e ou quando tivermos bases legais para processar as informa\u00e7\u00f5es.<\/p>\n\n\n\n<p>Para o exerc\u00edcio de seus direitos, como titular de dados pessoais voc\u00ea poder\u00e1 fazer contato nos seguintes canais:<\/p>\n\n\n\n<ul class=\"wp-block-list\"><li>Envio e correspond\u00eancias atrav\u00e9s do e-mail <a href=\"mailto:contato@lphbrasil.com.br\">contato@diretodagrecia.com.br<\/a><\/li><\/ul>\n\n\n\n<p>Caso n\u00e3o concorde com essa Pol\u00edtica de Privacidade, voc\u00ea poder\u00e1 exercer os direitos previstos no artigo 18 da Lei Geral de Prote\u00e7\u00e3o de Dados, Lei 13.709\/18, atrav\u00e9s de nossos canais de privacidade informados nos par\u00e1grafos anteriores.<\/p>\n\n\n\n<p>A Golden Goods receber\u00e1 e responder\u00e1 suas solicita\u00e7\u00f5es dentro de um prazo razo\u00e1vel e condizente com as responsabilidades legais.<\/p>\n\n\n\n<p>Os sites e alguns aplicativos podem solicitar permiss\u00e3o para acessar servi\u00e7os e arquivos em seu dispositivo. Lembre-se de que qualquer conte\u00fado enviado por voc\u00ea a uma de nossas plataformas ser\u00e1 de sua responsabilidade.<\/p>\n\n\n\n<p>Para garantir a sua seguran\u00e7a, ressaltamos alguns cuidados muito importantes:<\/p>\n\n\n\n<ul class=\"wp-block-list\"><li>Proteja suas credenciais de acesso (senhas, assinaturas eletr\u00f4nicas, c\u00f3digos de seguran\u00e7a, etc.), elas s\u00e3o pessoais e intransfer\u00edveis.<\/li><li>Senhas de acesso, assinaturas eletr\u00f4nicas, tokens ou qualquer c\u00f3digo ou resposta de seguran\u00e7a somente devem ser inseridos nos formul\u00e1rios, ou plataformas oficiais da Golden Goods.<\/li><\/ul>\n\n\n\n<ul class=\"wp-block-list\"><li>A Golden Goods n\u00e3o entra em contato com o cliente, por qualquer meio, para solicitar senhas de acesso, assinaturas eletr\u00f4nicas, tokens ou qualquer c\u00f3digo ou resposta de seguran\u00e7a.<\/li><\/ul>\n\n\n\n<p>No caso de qualquer suspeita, entre em contato imediatamente com a Golden Goods atrav\u00e9s de um de nossos principais canais oficiais.<\/p>\n\n\n\n<p>Quando optar por n\u00e3o consentir ou revogar o tratamento de seus dados pessoais, podemos n\u00e3o ser capazes de prestar os servi\u00e7os ou ofertar nossos produtos, todavia voc\u00ea poder\u00e1 nos contatar atrav\u00e9s do portal de privacidade dispon\u00edvel em nosso site.<\/p>\n\n\n\n<p>A Golden Goods recomenda aos seus usu\u00e1rios que se atentem a alguns fatores e evitem exposi\u00e7\u00e3o a riscos que possam viabilizar a viola\u00e7\u00e3o de seguran\u00e7a e privacidade de seus dados.<\/p>\n\n\n\n<p>A Golden Goods ressalta a seus clientes para n\u00e3o fornecerem a senha de seu cadastro a terceiros, e caso detectem algum tipo de uso n\u00e3o autorizado, que alterem imediatamente as credenciais de acesso.<\/p>\n\n\n\n<ul class=\"wp-block-list\"><li>A Golden Goods ressalta que opera com diversos parceiros de neg\u00f3cio para desenvolver e entregar seus servi\u00e7os, e estes parceiros podem &#8211; por sua vez &#8211; solicitar a valida\u00e7\u00e3o de seus dados.<\/li><\/ul>\n\n\n\n<ul class=\"wp-block-list\"><li>A Golden Goods refor\u00e7a que em caso de links de direcionamento a sites externos ou terceiros, \u00e9 de responsabilidade do Titular dos Dados consultar as declara\u00e7\u00f5es e pol\u00edticas de privacidade desses sites antes de fornecer dados pessoais, especialmente dados sens\u00edveis.<\/li><\/ul>\n\n\n\n<p>Refer\u00eancias :<\/p>\n\n\n\n<p>Para a defini\u00e7\u00e3o desta Pol\u00edtica, foram utilizadas, como refer\u00eancias, as normas ABNT NBR ISO\/IEC 27001:2013, 27002:2013, e a Lei Geral de Prote\u00e7\u00e3o de Dados (Lei no 13.709\/2018) e est\u00e1 em conformidade com todas as leis, regulamentos, normas vigentes e o neg\u00f3cio da Golden Goods.<\/p>\n","protected":false},"excerpt":{"rendered":"<p>NOSSA POL\u00cdTICA DE PRIVACIDADE A Golden Goods tem como compromisso o respeito pela privacidade de seus clientes, funcion\u00e1rios e demais visitantes que utilizam nossos sites ou aplicativos, bem como a prote\u00e7\u00e3o e a seguran\u00e7a dos seus dados. A Golden Goods reconhece que a sua seguran\u00e7a e privacidade s\u00e3o muito importantes, portanto adotamos todas as medidas [&hellip;]<\/p>\n","protected":false},"author":1,"featured_media":0,"parent":0,"menu_order":0,"comment_status":"closed","ping_status":"closed","template":"","meta":{"footnotes":""},"class_list":["post-2936","page","type-page","status-publish","hentry"],"_links":{"self":[{"href":"https:\/\/diretodagrecia.com.br\/inicio\/wp-json\/wp\/v2\/pages\/2936","targetHints":{"allow":["GET"]}}],"collection":[{"href":"https:\/\/diretodagrecia.com.br\/inicio\/wp-json\/wp\/v2\/pages"}],"about":[{"href":"https:\/\/diretodagrecia.com.br\/inicio\/wp-json\/wp\/v2\/types\/page"}],"author":[{"embeddable":true,"href":"https:\/\/diretodagrecia.com.br\/inicio\/wp-json\/wp\/v2\/users\/1"}],"replies":[{"embeddable":true,"href":"https:\/\/diretodagrecia.com.br\/inicio\/wp-json\/wp\/v2\/comments?post=2936"}],"version-history":[{"count":3,"href":"https:\/\/diretodagrecia.com.br\/inicio\/wp-json\/wp\/v2\/pages\/2936\/revisions"}],"predecessor-version":[{"id":3918,"href":"https:\/\/diretodagrecia.com.br\/inicio\/wp-json\/wp\/v2\/pages\/2936\/revisions\/3918"}],"wp:attachment":[{"href":"https:\/\/diretodagrecia.com.br\/inicio\/wp-json\/wp\/v2\/media?parent=2936"}],"curies":[{"name":"wp","href":"https:\/\/api.w.org\/{rel}","templated":true}]}}